{"id":17,"date":"2024-03-11T15:25:18","date_gmt":"2024-03-11T15:25:18","guid":{"rendered":"https:\/\/specialcharterboatcalador.com\/?page_id=17"},"modified":"2024-06-19T11:52:03","modified_gmt":"2024-06-19T11:52:03","slug":"prices","status":"publish","type":"page","link":"https:\/\/specialcharterboatcalador.com\/en\/prices\/","title":{"rendered":"PRECIOS 2024"},"content":{"rendered":"<p class=\"has-text-align-center has-vivid-red-color has-text-color has-link-color wp-elements-b4d1867a441aadca628d0967b5dca748\"><strong><em>COMBUSTIBLE Y PATR\u00d3N INCLU\u00cdDOS EN TODAS LAS EXCURSIONES<\/em><\/strong><\/p>\n\n\n\n<div class=\"wp-block-group alignfull\" style=\"margin-top:0px\"><div class=\"wp-block-group__inner-container is-layout-constrained wp-block-group-is-layout-constrained\">\n<div class=\"wp-block-columns alignwide is-layout-flex wp-container-core-columns-is-layout-1 wp-block-columns-is-layout-flex\" style=\"margin-bottom:0\">\n<div class=\"wp-block-column has-cyan-bluish-gray-background-color has-text-color has-background has-link-color wp-elements-63058f383dc514a76349720474cb79ab is-layout-flow wp-block-column-is-layout-flow\" style=\"color:#000000;padding-top:2em;padding-right:2em;padding-bottom:2em;padding-left:2em\"><div class=\"wp-block-image\">\n<figure class=\"aligncenter size-full is-resized\"><img loading=\"lazy\" decoding=\"async\" width=\"1170\" height=\"1183\" src=\"https:\/\/specialcharterboatcalador.com\/wp-content\/uploads\/2024\/04\/image0.jpeg\" alt=\"\" class=\"wp-image-1868\" style=\"width:201px;height:auto\" srcset=\"https:\/\/specialcharterboatcalador.com\/wp-content\/uploads\/2024\/04\/image0.jpeg 1170w, https:\/\/specialcharterboatcalador.com\/wp-content\/uploads\/2024\/04\/image0-297x300.jpeg 297w, https:\/\/specialcharterboatcalador.com\/wp-content\/uploads\/2024\/04\/image0-1013x1024.jpeg 1013w, https:\/\/specialcharterboatcalador.com\/wp-content\/uploads\/2024\/04\/image0-768x777.jpeg 768w, https:\/\/specialcharterboatcalador.com\/wp-content\/uploads\/2024\/04\/image0-12x12.jpeg 12w\" sizes=\"auto, (max-width: 1170px) 100vw, 1170px\" \/><\/figure><\/div>\n\n\n<h2 class=\"wp-block-heading has-text-align-center\" id=\"single\" style=\"font-size:27px\"><strong>SHARED EXCURSION<\/strong><\/h2>\n\n\n\n<p>Max. 12 passengers<\/p>\n\n\n\n<hr class=\"wp-block-separator has-text-color has-css-opacity has-background is-style-wide\" style=\"background-color:#000000;color:#000000\"\/>\n\n\n\n<p class=\"has-text-align-center\" style=\"font-size:15px;line-height:1.5\"><strong>4 HOURS OUTINGS<\/strong> <strong>OR SUNSET (3 HOURS)<\/strong><br><\/p>\n\n\n\n<div class=\"wp-block-buttons alignfull is-horizontal is-content-justification-center is-layout-flex wp-container-core-buttons-is-layout-1 wp-block-buttons-is-layout-flex\">\n<div class=\"wp-block-button has-custom-width wp-block-button__width-100 has-custom-font-size is-style-fill\" style=\"font-size:15px;letter-spacing:-1px\"><a class=\"wp-block-button__link has-white-color has-text-color has-background has-text-align-left no-border-radius wp-element-button\" style=\"background-color:#000000\">65\u20ac* MAY &amp; OCT<br>75\u20ac* JUN &amp; SEP<br>85\u20ac* JUL &amp; AGO<br>*Precios por persona.<\/a><\/div>\n<\/div>\n\n\n\n<p>Reservando esta actividad acepta las siguientes <a href=\"https:\/\/specialcharterboatcalador.com\/en\/condiciones\/\">condiciones<\/a>.<\/p>\n\n\n\n<div class=\"wp-block-buttons is-layout-flex wp-block-buttons-is-layout-flex\">\n<div class=\"wp-block-button is-style-outline is-style-outline--1\"><a class=\"wp-block-button__link has-text-align-center wp-element-button\" href=\"https:\/\/specialcharterboatcalador.com\/en\/contact\/\">RESERVAR<\/a><\/div>\n<\/div>\n\n\n\n<p><\/p>\n\n\n\n<p>De 9:00h a 13:00h.<br>De 14:00h a a 18:00h.<\/p>\n\n\n\n<p>Includes:<\/p>\n\n\n\n<ul class=\"has-normal-font-size wp-block-list\">\n<li>Drinks and snacks (beer, sangria, soft drinks, water, tapas).<\/li>\n\n\n\n<li>Snorkeling equipment.<\/li>\n\n\n\n<li>Fast lap 5 min. <\/li>\n\n\n\n<li>Donut ride 5 min.<\/li>\n<\/ul>\n<\/div>\n\n\n\n<div class=\"wp-block-column has-text-color has-background has-link-color wp-elements-1ccf92d9939385e5de27947a1f577286 is-layout-flow wp-block-column-is-layout-flow\" style=\"color:#000000;background-color:#d1d1e1;padding-top:2em;padding-right:2em;padding-bottom:2em;padding-left:2em\"><div class=\"wp-block-image\">\n<figure class=\"aligncenter size-large is-resized\"><img loading=\"lazy\" decoding=\"async\" width=\"1024\" height=\"1024\" src=\"https:\/\/specialcharterboatcalador.com\/wp-content\/uploads\/2024\/03\/f0440fd7-c17a-47dd-9abd-7ea1e3863a02-1-1024x1024.jpg\" alt=\"\" class=\"wp-image-1723\" style=\"width:203px;height:auto\" srcset=\"https:\/\/specialcharterboatcalador.com\/wp-content\/uploads\/2024\/03\/f0440fd7-c17a-47dd-9abd-7ea1e3863a02-1-1024x1024.jpg 1024w, https:\/\/specialcharterboatcalador.com\/wp-content\/uploads\/2024\/03\/f0440fd7-c17a-47dd-9abd-7ea1e3863a02-1-300x300.jpg 300w, https:\/\/specialcharterboatcalador.com\/wp-content\/uploads\/2024\/03\/f0440fd7-c17a-47dd-9abd-7ea1e3863a02-1-150x150.jpg 150w, https:\/\/specialcharterboatcalador.com\/wp-content\/uploads\/2024\/03\/f0440fd7-c17a-47dd-9abd-7ea1e3863a02-1-768x768.jpg 768w, https:\/\/specialcharterboatcalador.com\/wp-content\/uploads\/2024\/03\/f0440fd7-c17a-47dd-9abd-7ea1e3863a02-1.jpg 1500w\" sizes=\"auto, (max-width: 1024px) 100vw, 1024px\" \/><\/figure><\/div>\n\n\n<h2 class=\"wp-block-heading has-text-align-center\" id=\"family\" style=\"font-size:27px\"><strong>PRIVATE EXCURSION<\/strong><\/h2>\n\n\n\n<p>Max. 12 passengers<\/p>\n\n\n\n<hr class=\"wp-block-separator has-css-opacity is-style-wide\"\/>\n\n\n\n<p class=\"has-text-align-center\" style=\"font-size:15px\"><strong>4 HOURS OUTING OR SUNSET(3 HOURS)<\/strong><br><\/p>\n\n\n\n<div class=\"wp-block-buttons alignfull is-horizontal is-content-justification-center is-layout-flex wp-container-core-buttons-is-layout-3 wp-block-buttons-is-layout-flex\">\n<div class=\"wp-block-button has-custom-width wp-block-button__width-100 has-custom-font-size is-style-fill\" style=\"font-size:16px;letter-spacing:-1px\"><a class=\"wp-block-button__link has-white-color has-text-color has-background has-text-align-left no-border-radius wp-element-button\" style=\"background-color:#000000\">400\u20ac MAY &amp; OCT<br>575\u20ac JUN &amp; SEP<br>750\u20ac JUL &amp; AGO<\/a><\/div>\n<\/div>\n\n\n\n<p>Reservando esta actividad acepta las siguientes <a href=\"https:\/\/specialcharterboatcalador.com\/en\/condiciones\/\">condiciones<\/a>.<\/p>\n\n\n\n<div class=\"wp-block-buttons is-layout-flex wp-block-buttons-is-layout-flex\">\n<div class=\"wp-block-button is-style-outline is-style-outline--2\"><a class=\"wp-block-button__link has-text-align-center wp-element-button\" href=\"https:\/\/specialcharterboatcalador.com\/en\/contact\/\">RESERVAR<\/a><\/div>\n<\/div>\n\n\n\n<p><\/p>\n\n\n\n<p>Schedule to be agreed.<\/p>\n\n\n\n<p>Includes:<\/p>\n\n\n\n<ul class=\"has-normal-font-size wp-block-list\">\n<li>Drinks and snacks (beer, sangria, soft drinks, water, tapas).<\/li>\n\n\n\n<li>Snorkeling equipment.<\/li>\n\n\n\n<li>Fast lap 5 min.<\/li>\n\n\n\n<li>Donut ride 5 min.<\/li>\n\n\n\n<li>Paddle surf.<\/li>\n<\/ul>\n\n\n\n<hr class=\"wp-block-separator has-alpha-channel-opacity\"\/>\n\n\n\n<p class=\"has-text-align-center\" style=\"font-size:15px\"><br><strong>8 HOURS<\/strong><\/p>\n\n\n\n<div class=\"wp-block-buttons alignfull is-horizontal is-content-justification-center is-layout-flex wp-container-core-buttons-is-layout-5 wp-block-buttons-is-layout-flex\">\n<div class=\"wp-block-button has-custom-width wp-block-button__width-100 has-custom-font-size is-style-fill\" style=\"font-size:16px;letter-spacing:-1px\"><a class=\"wp-block-button__link has-white-color has-text-color has-background has-text-align-left no-border-radius wp-element-button\" style=\"background-color:#000000\">625\u20ac MAY &amp; OCT<br>850\u20ac JUN &amp; SEP<br>1.150\u20ac JUL &amp; AGO<\/a><\/div>\n<\/div>\n\n\n\n<p>Reservando esta actividad acepta las siguientes <a href=\"https:\/\/specialcharterboatcalador.com\/en\/condiciones\/\">condiciones<\/a>.<\/p>\n\n\n\n<div class=\"wp-block-buttons is-layout-flex wp-block-buttons-is-layout-flex\">\n<div class=\"wp-block-button is-style-outline is-style-outline--3\"><a class=\"wp-block-button__link has-text-align-center wp-element-button\" href=\"https:\/\/specialcharterboatcalador.com\/en\/contact\/\">RESERVAR<\/a><\/div>\n<\/div>\n\n\n\n<p><\/p>\n\n\n\n<p>Includes:<\/p>\n\n\n\n<ul class=\"wp-block-list\">\n<li>Drinks and snacks all included (beer, sangria, soft drinks, water, tapas).<\/li>\n\n\n\n<li>Varied Pa\u2019mb oli<\/li>\n\n\n\n<li>Snorkeling equipment.<\/li>\n\n\n\n<li>Fast lap 5 min.<\/li>\n\n\n\n<li>Donut ride 5 min.<\/li>\n\n\n\n<li>Paddle surf.<\/li>\n\n\n\n<li>Water ski<\/li>\n<\/ul>\n<\/div>\n\n\n\n<div class=\"wp-block-column has-cyan-bluish-gray-background-color has-text-color has-background has-link-color wp-elements-38a08b22064fdf75f4770a0aa31be4c6 is-layout-flow wp-block-column-is-layout-flow\" style=\"color:#000000;padding-top:2em;padding-right:2em;padding-bottom:2em;padding-left:2em\"><div class=\"wp-block-image\">\n<figure class=\"aligncenter size-large is-resized\"><img loading=\"lazy\" decoding=\"async\" width=\"1024\" height=\"1024\" src=\"https:\/\/specialcharterboatcalador.com\/wp-content\/uploads\/2024\/03\/90a4fd4d-59b6-4556-b663-70084a16386d-1-1024x1024.jpg\" alt=\"\" class=\"wp-image-1724\" style=\"width:203px;height:auto\" srcset=\"https:\/\/specialcharterboatcalador.com\/wp-content\/uploads\/2024\/03\/90a4fd4d-59b6-4556-b663-70084a16386d-1-1024x1024.jpg 1024w, https:\/\/specialcharterboatcalador.com\/wp-content\/uploads\/2024\/03\/90a4fd4d-59b6-4556-b663-70084a16386d-1-300x300.jpg 300w, https:\/\/specialcharterboatcalador.com\/wp-content\/uploads\/2024\/03\/90a4fd4d-59b6-4556-b663-70084a16386d-1-150x150.jpg 150w, https:\/\/specialcharterboatcalador.com\/wp-content\/uploads\/2024\/03\/90a4fd4d-59b6-4556-b663-70084a16386d-1-768x768.jpg 768w, https:\/\/specialcharterboatcalador.com\/wp-content\/uploads\/2024\/03\/90a4fd4d-59b6-4556-b663-70084a16386d-1.jpg 1242w\" sizes=\"auto, (max-width: 1024px) 100vw, 1024px\" \/><\/figure><\/div>\n\n\n<h2 class=\"wp-block-heading has-text-align-center\" id=\"family\" style=\"font-size:27px\"><strong>CRAZY DONUT<\/strong><br><\/h2>\n\n\n\n<p>Max. 12 passengers<\/p>\n\n\n\n<hr class=\"wp-block-separator has-css-opacity is-style-wide\"\/>\n\n\n\n<p class=\"has-text-align-center\" style=\"font-size:15px\"><strong>SHARED<\/strong><br><br><\/p>\n\n\n\n<div class=\"wp-block-buttons alignfull is-horizontal is-content-justification-left is-layout-flex wp-container-core-buttons-is-layout-7 wp-block-buttons-is-layout-flex\">\n<div class=\"wp-block-button has-custom-width wp-block-button__width-100 has-custom-font-size\" style=\"font-size:16px;letter-spacing:-2px\"><a class=\"wp-block-button__link has-white-color has-text-color has-background has-text-align-left no-border-radius wp-element-button\" style=\"background-color:#000000\">25\u20ac* MAY, JUN &amp; OCT<br>35\u20ac* JUL, AGO &amp; SEP<br>*Precios por persona.<\/a><\/div>\n<\/div>\n\n\n\n<p>Reservando esta actividad acepta las siguientes <a href=\"https:\/\/specialcharterboatcalador.com\/en\/condiciones\/\">condiciones<\/a>.<\/p>\n\n\n\n<div class=\"wp-block-buttons is-layout-flex wp-block-buttons-is-layout-flex\">\n<div class=\"wp-block-button is-style-outline is-style-outline--4\"><a class=\"wp-block-button__link has-text-align-center wp-element-button\" href=\"https:\/\/specialcharterboatcalador.com\/en\/contact\/\">RESERVAR<\/a><\/div>\n<\/div>\n\n\n\n<p><\/p>\n\n\n\n<p>De 9:00h a 16:00h.<\/p>\n\n\n\n<p>Includes:<\/p>\n\n\n\n<ul class=\"has-normal-font-size wp-block-list\">\n<li>Mineral water.<\/li>\n\n\n\n<li>Donut 10 min. lap<br><\/li>\n<\/ul>\n\n\n\n<hr class=\"wp-block-separator has-alpha-channel-opacity\"\/>\n\n\n\n<p style=\"font-size:15px\"><strong>PRIVATE (2 HOURS)<\/strong><\/p>\n\n\n\n<div class=\"wp-block-buttons alignfull is-horizontal is-content-justification-center is-layout-flex wp-container-core-buttons-is-layout-9 wp-block-buttons-is-layout-flex\">\n<div class=\"wp-block-button has-custom-width wp-block-button__width-100 has-custom-font-size\" style=\"font-size:16px;letter-spacing:-1px\"><a class=\"wp-block-button__link has-white-color has-text-color has-background has-text-align-left no-border-radius wp-element-button\" style=\"background-color:#000000\">200\u20ac MAY &amp; OCT<br>300\u20ac JUN &amp; SEP<br><em>NO DISPONIBLE JUL &amp; AGO<\/em><\/a><\/div>\n<\/div>\n\n\n\n<p>Reservando esta actividad acepta las siguientes <a href=\"https:\/\/specialcharterboatcalador.com\/en\/condiciones\/\">condiciones<\/a>.<\/p>\n\n\n\n<div class=\"wp-block-buttons is-layout-flex wp-block-buttons-is-layout-flex\">\n<div class=\"wp-block-button is-style-outline is-style-outline--5\"><a class=\"wp-block-button__link has-text-align-center wp-element-button\" href=\"https:\/\/specialcharterboatcalador.com\/en\/contact\/\">RESERVAR<\/a><\/div>\n<\/div>\n\n\n\n<p><\/p>\n\n\n\n<p>Includes:<\/p>\n\n\n\n<ul class=\"wp-block-list\">\n<li>Drinks and snacks (beer, sangria, soft drinks, water, tapas).<\/li>\n\n\n\n<li>Visit to the Pirate cave <\/li>\n\n\n\n<li>Donut 10 min. lap<\/li>\n<\/ul>\n<\/div>\n<\/div>\n\n\n\n<div class=\"wp-block-columns is-layout-flex wp-container-core-columns-is-layout-2 wp-block-columns-is-layout-flex\">\n<div class=\"wp-block-column is-layout-flow wp-block-column-is-layout-flow\" style=\"flex-basis:100%\">\n<figure class=\"wp-block-table is-style-stripes\"><table  class=\"has-black-color has-text-color has-link-color has-fixed-layout table table-hover\" ><thead><tr><th class=\"has-text-align-center\" data-align=\"center\">LOW SEASON<\/th><th class=\"has-text-align-center\" data-align=\"center\">HIGH SEASON<\/th><\/tr><\/thead><tbody><tr><td class=\"has-text-align-center\" data-align=\"center\">April, May and October<\/td><td class=\"has-text-align-center\" data-align=\"center\">June, July, August and September<\/td><\/tr><\/tbody><tfoot><tr><td class=\"has-text-align-center\" data-align=\"center\"><\/td><td class=\"has-text-align-center\" data-align=\"center\"><\/td><\/tr><\/tfoot><\/table><\/figure>\n\n\n\n<figure class=\"wp-block-pullquote has-black-color has-cyan-bluish-gray-background-color has-text-color has-background has-link-color wp-elements-742a56da3dd5e139e87c38af2d192ed0\" style=\"border-width:10px\"><blockquote><p><strong>All activity prices include skipper, fuel, insurance and taxes. The price is final, no last minute surprises. <\/strong><br>Please let us know any special situation (intolerances, allergies, reduced mobility, baby stroller, etc.). <strong><br><\/strong>The itinerary will be decided by the passengers together with the skipper, as long as the weather allows it.<br>Entering the cave, or the use of the donut or the skis will depend on the weather conditions, at the discretion of the skipper. <br>The minimum age to use donut is 4 years old, always accompanied by a legal guardian. From 13 to 16 years old, the activity can be carried out with authorization signed by a legal guardian.<\/p><\/blockquote><\/figure>\n<\/div>\n<\/div>\n<\/div><\/div>\n\n\n\n<div class=\"wp-block-group alignfull has-text-color\" style=\"color:#000000\"><div class=\"wp-block-group__inner-container is-layout-flow wp-block-group-is-layout-flow\">\n<h2 class=\"wp-block-heading has-text-align-center has-black-color has-text-color has-link-color wp-elements-40a341fb793c2b3018c9c75df8b7b1fd\" id=\"schedule-a-visit\" style=\"font-size:20px;line-height:1.15\"><strong>By booking any of our activities, the client agrees to comply with the following<\/strong><\/h2>\n\n\n\n<div class=\"wp-block-buttons is-horizontal is-content-justification-center is-layout-flex wp-container-core-buttons-is-layout-11 wp-block-buttons-is-layout-flex\">\n<div class=\"wp-block-button has-custom-width wp-block-button__width-75 is-style-fill\"><a class=\"wp-block-button__link has-black-color has-cyan-bluish-gray-background-color has-text-color has-background wp-element-button\" href=\"https:\/\/specialcharterboatcalador.com\/en\/condiciones\/\" style=\"border-radius:10px\"><strong>CONDITIONS<\/strong><\/a><\/div>\n<\/div>\n\n\n\n<div style=\"height:64px\" aria-hidden=\"true\" class=\"wp-block-spacer\"><\/div>\n\n\n\n<p><\/p>\n<\/div><\/div>","protected":false},"excerpt":{"rendered":"<p>COMBUSTIBLE Y PATR\u00d3N INCLU\u00cdDOS EN TODAS LAS EXCURSIONES EXCURSI\u00d3N COMPARTIDA M\u00e1ximo 12 pasajeros. SALIDA DE 4 HORAS O SUNSET (3 HORAS) Reservando esta actividad acepta las siguientes condiciones. De 9:00h a 13:00h.De 14:00h a a 18:00h. Incluye: EXCURSI\u00d3N PRIVADA M\u00e1ximo 12 pasajeros. SALIDA DE 4 HORAS O SUNSET (3 HORAS) Reservando esta actividad acepta las<\/p>\n<div><a class=\"btn-filled btn\" href=\"https:\/\/specialcharterboatcalador.com\/en\/prices\/\" title=\"PRECIOS 2024\">Read More<\/a><\/div>","protected":false},"author":1,"featured_media":0,"parent":0,"menu_order":0,"comment_status":"closed","ping_status":"closed","template":"","meta":{"footnotes":""},"class_list":["post-17","page","type-page","status-publish","hentry"],"_links":{"self":[{"href":"https:\/\/specialcharterboatcalador.com\/en\/wp-json\/wp\/v2\/pages\/17","targetHints":{"allow":["GET"]}}],"collection":[{"href":"https:\/\/specialcharterboatcalador.com\/en\/wp-json\/wp\/v2\/pages"}],"about":[{"href":"https:\/\/specialcharterboatcalador.com\/en\/wp-json\/wp\/v2\/types\/page"}],"author":[{"embeddable":true,"href":"https:\/\/specialcharterboatcalador.com\/en\/wp-json\/wp\/v2\/users\/1"}],"replies":[{"embeddable":true,"href":"https:\/\/specialcharterboatcalador.com\/en\/wp-json\/wp\/v2\/comments?post=17"}],"version-history":[{"count":85,"href":"https:\/\/specialcharterboatcalador.com\/en\/wp-json\/wp\/v2\/pages\/17\/revisions"}],"predecessor-version":[{"id":1896,"href":"https:\/\/specialcharterboatcalador.com\/en\/wp-json\/wp\/v2\/pages\/17\/revisions\/1896"}],"wp:attachment":[{"href":"https:\/\/specialcharterboatcalador.com\/en\/wp-json\/wp\/v2\/media?parent=17"}],"curies":[{"name":"wp","href":"https:\/\/api.w.org\/{rel}","templated":true}]}}