{"id":47,"date":"2024-03-12T15:11:26","date_gmt":"2024-03-12T15:11:26","guid":{"rendered":"https:\/\/specialcharterboatcalador.com\/?page_id=47"},"modified":"2024-03-30T19:21:28","modified_gmt":"2024-03-30T19:21:28","slug":"aboutus","status":"publish","type":"page","link":"https:\/\/specialcharterboatcalador.com\/en\/aboutus\/","title":{"rendered":"SPICA"},"content":{"rendered":"<div class=\"wp-block-cover wp-duotone-unset-1\"><span aria-hidden=\"true\" class=\"wp-block-cover__background has-background-dim-0 has-background-dim\"><\/span><img loading=\"lazy\" decoding=\"async\" width=\"1600\" height=\"720\" class=\"wp-block-cover__image-background wp-image-40\" alt=\"\" src=\"https:\/\/specialcharterboatcalador.com\/wp-content\/uploads\/2024\/03\/Spica-fondeado.jpeg\" style=\"object-position:50% 50%\" data-object-fit=\"cover\" data-object-position=\"50% 50%\" srcset=\"https:\/\/specialcharterboatcalador.com\/wp-content\/uploads\/2024\/03\/Spica-fondeado.jpeg 1600w, https:\/\/specialcharterboatcalador.com\/wp-content\/uploads\/2024\/03\/Spica-fondeado-300x135.jpeg 300w, https:\/\/specialcharterboatcalador.com\/wp-content\/uploads\/2024\/03\/Spica-fondeado-1024x461.jpeg 1024w, https:\/\/specialcharterboatcalador.com\/wp-content\/uploads\/2024\/03\/Spica-fondeado-228x103.jpeg 228w\" sizes=\"auto, (max-width: 1600px) 100vw, 1600px\" \/><div class=\"wp-block-cover__inner-container is-layout-constrained wp-block-cover-is-layout-constrained\">\n<p class=\"has-text-align-center has-black-color has-text-color has-link-color has-large-font-size wp-elements-f689aa47b26dd487766da14ac4b646cd\"><\/p>\n<\/div><\/div>\n\n\n\n<pre class=\"wp-block-verse\"><em>MERCAN P34 Mercruiser 480 HP engine with maximum speed of 45 n\/kn.\n10, 25 meters in length and 3 meters in width. <\/em><\/pre>\n\n\n\n<h2 class=\"wp-block-heading\" style=\"font-size:25px;line-height:1.4\"><strong>Our boat, specially designed for the practice of water sports, provides us with the specific reliability, resistance and speed to carry out towed water sports with total satisfaction and safety.<\/strong><\/h2>\n\n\n\n<div class=\"wp-block-cover alignfull\" style=\"min-height:800px;aspect-ratio:unset;\"><span aria-hidden=\"true\" class=\"wp-block-cover__background has-background-dim-60 has-background-dim\"><\/span><img loading=\"lazy\" decoding=\"async\" width=\"1920\" height=\"2560\" class=\"wp-block-cover__image-background wp-image-1572\" alt=\"\" src=\"https:\/\/specialcharterboatcalador.com\/wp-content\/uploads\/2024\/03\/Calo-des-Moro.1-scaled.jpg\" data-object-fit=\"cover\" srcset=\"https:\/\/specialcharterboatcalador.com\/wp-content\/uploads\/2024\/03\/Calo-des-Moro.1-scaled.jpg 1920w, https:\/\/specialcharterboatcalador.com\/wp-content\/uploads\/2024\/03\/Calo-des-Moro.1-225x300.jpg 225w, https:\/\/specialcharterboatcalador.com\/wp-content\/uploads\/2024\/03\/Calo-des-Moro.1-768x1024.jpg 768w, https:\/\/specialcharterboatcalador.com\/wp-content\/uploads\/2024\/03\/Calo-des-Moro.1-1152x1536.jpg 1152w, https:\/\/specialcharterboatcalador.com\/wp-content\/uploads\/2024\/03\/Calo-des-Moro.1-1536x2048.jpg 1536w, https:\/\/specialcharterboatcalador.com\/wp-content\/uploads\/2024\/03\/Calo-des-Moro.1-87x116.jpg 87w\" sizes=\"auto, (max-width: 1920px) 100vw, 1920px\" \/><div class=\"wp-block-cover__inner-container is-layout-flow wp-block-cover-is-layout-flow\">\n<div class=\"wp-block-columns alignwide is-layout-flex wp-container-core-columns-is-layout-1 wp-block-columns-is-layout-flex\">\n<div class=\"wp-block-column is-layout-flow wp-block-column-is-layout-flow\" style=\"flex-basis:55%\">\n<p style=\"font-size:18px\"><strong>In addition, this special design provides us with great comfort and mobility on board, thanks to its large aft platform, and its large seating area in the bow, for up to 12 passengers.<br>With its large awning and folding table, it offers us a great area to eat.<br>This design provides us with safe and comfortable access to bathe in the sea from its stern platform, practically leveled with the water, and its 4-step ladder, very comfortable to get on board.<br>The bow platform allows us to jump into the water safely, thanks to its spaciousness, easy access and non-slip floor.<br>For your added comfort, we have equipped the boat with a private toilet and freshwater shower.<br>The boat has all the legal safety equipment required by the Spanish maritime authorities, a first aid kit and life jackets for pets (dogs)*.<\/strong><\/p>\n\n\n\n<p class=\"has-text-color\" style=\"color:#ffe074;font-size:12px;line-height:1.3\"><em>Please note: our insurance does cover human passengers. We welcome your dog, but only under your on responsibility.<\/em><\/p>\n<\/div>\n\n\n\n<div class=\"wp-block-column is-layout-flow wp-block-column-is-layout-flow\">\n<p style=\"font-size:15px\"><strong>The professionalism of our skipper, qualified with official Spanish licenses to carry out his work, fully guaranteed within the legal and maritime safety regulations; He also brings us more than 20 years of professional experience, which together with his affability and friendliness, will make your day at sea the best of your holidays in Mallorca.<br>He will be attentive to your requests, and if the weather and his professional judgment deem it appropriate, he will diligently satisfy them.<\/strong><\/p>\n<\/div>\n<\/div>\n<\/div><\/div>\n\n\n<style>#jtg-1685 .modula-item .jtg-social a, .lightbox-socials.jtg-social a{ fill: #ffffff; color: #ffffff }#jtg-1685 .modula-item .jtg-social-mobile a{ fill: #ffffff; color: #ffffff }#jtg-1685 .modula-item .jtg-social svg, .lightbox-socials.jtg-social svg { height: 16px; width: 16px }#jtg-1685 .modula-item .jtg-social-mobile svg { height: 16px; width: 16px }#jtg-1685 .modula-item .jtg-social a:not(:last-child), .lightbox-socials.jtg-social a:not(:last-child) { margin-right: 10px }#jtg-1685 .modula-item .jtg-social-mobile .jtg-social-mobile-icons a:not(:last-child){ margin-right: 10px }#jtg-1685 .modula-item .figc {color:#ffffff;}#jtg-1685 .modula-item .modula-item-content { transform: scale(1) }#jtg-1685 .modula-items .figc p.description { font-size:14px; }#jtg-1685 .modula-items .figc p.description { color:#ffffff;}#jtg-1685.modula-gallery .modula-item > a, #jtg-1685.modula-gallery .modula-item, #jtg-1685.modula-gallery .modula-item-content > a:not(.modula-no-follow) { cursor:zoom-in; } #jtg-1685.modula-gallery .modula-item-content .modula-no-follow { cursor: default; } @media screen and (max-width:480px){#jtg-1685 .modula-item .figc .jtg-title {  font-size: 12px; }#jtg-1685 .modula-items .figc p.description { color:#ffffff;font-size:10px; }}<\/style>\n<!-- Gallery Container -->\n<div  id=\"jtg-1685\" class=\"modula modula-gallery modula-custom-grid\" data-config=\"{&quot;height&quot;:800,&quot;tabletHeight&quot;:800,&quot;mobileHeight&quot;:800,&quot;desktopHeight&quot;:800,&quot;enableTwitter&quot;:false,&quot;enableWhatsapp&quot;:false,&quot;enableFacebook&quot;:false,&quot;enablePinterest&quot;:false,&quot;enableLinkedin&quot;:false,&quot;enableEmail&quot;:false,&quot;randomFactor&quot;:0.5,&quot;type&quot;:&quot;custom-grid&quot;,&quot;columns&quot;:12,&quot;gutter&quot;:10,&quot;mobileGutter&quot;:10,&quot;tabletGutter&quot;:10,&quot;desktopGutter&quot;:10,&quot;enableResponsive&quot;:&quot;0&quot;,&quot;tabletColumns&quot;:2,&quot;mobileColumns&quot;:1,&quot;lazyLoad&quot;:true,&quot;lightboxOpts&quot;:{&quot;animated&quot;:true,&quot;Thumbs&quot;:{&quot;type&quot;:&quot;modern&quot;,&quot;showOnStart&quot;:false},&quot;Toolbar&quot;:{&quot;display&quot;:{&quot;right&quot;:[&quot;close&quot;]},&quot;enabled&quot;:true},&quot;Carousel&quot;:{&quot;Panzoom&quot;:{&quot;touch&quot;:false},&quot;infinite&quot;:false},&quot;keyboard&quot;:{&quot;Escape&quot;:&quot;close&quot;,&quot;Delete&quot;:&quot;close&quot;,&quot;Backspace&quot;:&quot;close&quot;,&quot;PageUp&quot;:false,&quot;PageDown&quot;:false,&quot;ArrowUp&quot;:false,&quot;ArrowDown&quot;:false,&quot;ArrowRight&quot;:false,&quot;ArrowLeft&quot;:false},&quot;touch&quot;:false,&quot;backdropClick&quot;:false,&quot;l10n&quot;:{&quot;CLOSE&quot;:&quot;Close&quot;,&quot;NEXT&quot;:&quot;Next&quot;,&quot;PREV&quot;:&quot;Previous&quot;,&quot;Error&quot;:&quot;The requested content cannot be loaded. Please try again later.&quot;,&quot;PLAY_START&quot;:&quot;Start slideshow&quot;,&quot;PLAY_STOP&quot;:&quot;Pause slideshow&quot;,&quot;FULL_SCREEN&quot;:&quot;Full screen&quot;,&quot;THUMBS&quot;:&quot;Thumbnails&quot;,&quot;DOWNLOAD&quot;:&quot;Download&quot;,&quot;SHARE&quot;:&quot;Share&quot;,&quot;ZOOM&quot;:&quot;Zoom&quot;,&quot;EMAIL&quot;:&quot;Here is the link to the image : %%image_link%% and this is the link to the gallery : %%gallery_link%%&quot;,&quot;MODAL&quot;:&quot;You can close this modal content with the ESC key&quot;,&quot;ERROR&quot;:&quot;Something Went Wrong, Please Try Again Later&quot;,&quot;IMAGE_ERROR&quot;:&quot;Image Not Found&quot;,&quot;ELEMENT_NOT_FOUND&quot;:&quot;HTML Element Not Found&quot;,&quot;AJAX_NOT_FOUND&quot;:&quot;Error Loading AJAX : Not Found&quot;,&quot;AJAX_FORBIDDEN&quot;:&quot;Error Loading AJAX : Forbidden&quot;,&quot;IFRAME_ERROR&quot;:&quot;Error Loading Page&quot;,&quot;TOGGLE_ZOOM&quot;:&quot;Toggle zoom level&quot;,&quot;TOGGLE_THUMBS&quot;:&quot;Toggle thumbnails&quot;,&quot;TOGGLE_SLIDESHOW&quot;:&quot;Toggle slideshow&quot;,&quot;TOGGLE_FULLSCREEN&quot;:&quot;Toggle full-screen mode&quot;},&quot;Images&quot;:{&quot;Panzoom&quot;:{&quot;maxScale&quot;:2}},&quot;mainClass&quot;:&quot;modula-fancybox-container modula-lightbox-jtg-1685&quot;,&quot;Html&quot;:{&quot;videoAutoplay&quot;:0,&quot;videoTpl&quot;:&quot;&lt;video class=\\&quot;fancybox__html5video\\&quot; controls muted playsinline controlsList controlsList=\\&quot;nodownload\\&quot; poster=\\&quot;{{poster}}\\&quot; src=\\&quot;{{src}}\\&quot; type=\\&quot;{{format}}\\&quot; &gt;  Sorry, your browser doesn&#039;t support embedded videos, &lt;a href=\\&quot;{{src}}\\&quot;&gt; download &lt;\\\/a&gt; and watch with your favorite video player! &lt;\\\/video&gt;&quot;}},&quot;inView&quot;:false,&quot;email_subject&quot;:&quot;Check out this awesome image !!&quot;,&quot;email_message&quot;:&quot;Here is the link to the image : %%image_link%% and this is the link to the gallery : %%gallery_link%%&quot;,&quot;lightbox&quot;:&quot;fancybox&quot;}\">\n\n\t\n\t<!-- Items Container -->\n\t<div  class=\"modula-items\">\n\t\t<div class=\"modula-item effect-pufrobo\" data-width=\"2\" data-height=\"2\" >\n\t<div class=\"modula-item-overlay\"><\/div>\n\n\t<div class=\"modula-item-content\">\n\n\t\t\t\t\n\t\t\t\t\t<a data-image-id=\"1585\" tabindex=\"0\" rel=\"jtg-1685\" data-caption=\"\" aria-label=\"Open image in lightbox\" role=\"button\" class=\"tile-inner modula-item-link\"><\/a>\n\t\t\n\t\t<img class=\"pic wp-image-1585 lazyload\"  data-valign=\"middle\" data-halign=\"center\" alt=\"\" data-full=\"https:\/\/specialcharterboatcalador.com\/wp-content\/uploads\/2024\/03\/DSC00634.jpg\" title=\"DSC00634\" width=\"300\" height=\"200\" data-src=\"https:\/\/specialcharterboatcalador.com\/wp-content\/uploads\/2024\/03\/DSC00634-300x200.jpg\" data-caption=\"\" data-source=\"modula\" data-srcset=\"https:\/\/specialcharterboatcalador.com\/wp-content\/uploads\/2024\/03\/DSC00634-scaled.jpg 2560w, https:\/\/specialcharterboatcalador.com\/wp-content\/uploads\/2024\/03\/DSC00634-300x200.jpg 300w, https:\/\/specialcharterboatcalador.com\/wp-content\/uploads\/2024\/03\/DSC00634-1024x683.jpg 1024w, https:\/\/specialcharterboatcalador.com\/wp-content\/uploads\/2024\/03\/DSC00634-768x512.jpg 768w, https:\/\/specialcharterboatcalador.com\/wp-content\/uploads\/2024\/03\/DSC00634-1536x1024.jpg 1536w, https:\/\/specialcharterboatcalador.com\/wp-content\/uploads\/2024\/03\/DSC00634-2048x1365.jpg 2048w, https:\/\/specialcharterboatcalador.com\/wp-content\/uploads\/2024\/03\/DSC00634-174x116.jpg 174w\" data-sizes=\"(max-width: 300px) 100vw, 300px\" srcset=\"https:\/\/specialcharterboatcalador.com\/wp-content\/uploads\/2024\/03\/DSC00634-300x200.jpg 300w, https:\/\/specialcharterboatcalador.com\/wp-content\/uploads\/2024\/03\/DSC00634-1024x683.jpg 1024w, https:\/\/specialcharterboatcalador.com\/wp-content\/uploads\/2024\/03\/DSC00634-768x512.jpg 768w, https:\/\/specialcharterboatcalador.com\/wp-content\/uploads\/2024\/03\/DSC00634-1536x1024.jpg 1536w, https:\/\/specialcharterboatcalador.com\/wp-content\/uploads\/2024\/03\/DSC00634-2048x1365.jpg 2048w, https:\/\/specialcharterboatcalador.com\/wp-content\/uploads\/2024\/03\/DSC00634-174x116.jpg 174w\" sizes=\"(max-width: 300px) 100vw, 300px\" \/>\n\t\t<div class=\"figc no-description\">\n\t\t\t<div class=\"figc-inner\">\n\t\t\t\t\t\t\t\t\t\t\t\t\t\t\t<\/div>\n\t\t<\/div>\n\n\t<\/div>\n\n<\/div><div class=\"modula-item effect-pufrobo\" data-width=\"2\" data-height=\"2\" >\n\t<div class=\"modula-item-overlay\"><\/div>\n\n\t<div class=\"modula-item-content\">\n\n\t\t\t\t\n\t\t\t\t\t<a data-image-id=\"1678\" tabindex=\"0\" rel=\"jtg-1685\" data-caption=\"\" aria-label=\"Open image in lightbox\" role=\"button\" class=\"tile-inner modula-item-link\"><\/a>\n\t\t\n\t\t<img class=\"pic wp-image-1678 lazyload\"  data-valign=\"middle\" data-halign=\"center\" alt=\"\" data-full=\"https:\/\/specialcharterboatcalador.com\/wp-content\/uploads\/2024\/03\/IMG-20240312-WA0030.jpg\" title=\"IMG-20240312-WA0030\" width=\"300\" height=\"169\" data-src=\"https:\/\/specialcharterboatcalador.com\/wp-content\/uploads\/2024\/03\/IMG-20240312-WA0030-300x169.jpg\" data-caption=\"\" data-source=\"modula\" data-srcset=\"https:\/\/specialcharterboatcalador.com\/wp-content\/uploads\/2024\/03\/IMG-20240312-WA0030.jpg 1600w, https:\/\/specialcharterboatcalador.com\/wp-content\/uploads\/2024\/03\/IMG-20240312-WA0030-300x169.jpg 300w, https:\/\/specialcharterboatcalador.com\/wp-content\/uploads\/2024\/03\/IMG-20240312-WA0030-1024x578.jpg 1024w, https:\/\/specialcharterboatcalador.com\/wp-content\/uploads\/2024\/03\/IMG-20240312-WA0030-768x433.jpg 768w, https:\/\/specialcharterboatcalador.com\/wp-content\/uploads\/2024\/03\/IMG-20240312-WA0030-1536x867.jpg 1536w\" data-sizes=\"(max-width: 300px) 100vw, 300px\" srcset=\"https:\/\/specialcharterboatcalador.com\/wp-content\/uploads\/2024\/03\/IMG-20240312-WA0030-300x169.jpg 300w, https:\/\/specialcharterboatcalador.com\/wp-content\/uploads\/2024\/03\/IMG-20240312-WA0030-1024x578.jpg 1024w, https:\/\/specialcharterboatcalador.com\/wp-content\/uploads\/2024\/03\/IMG-20240312-WA0030-768x433.jpg 768w, https:\/\/specialcharterboatcalador.com\/wp-content\/uploads\/2024\/03\/IMG-20240312-WA0030-1536x867.jpg 1536w, https:\/\/specialcharterboatcalador.com\/wp-content\/uploads\/2024\/03\/IMG-20240312-WA0030.jpg 1600w\" sizes=\"(max-width: 300px) 100vw, 300px\" \/>\n\t\t<div class=\"figc no-description\">\n\t\t\t<div class=\"figc-inner\">\n\t\t\t\t\t\t\t\t\t\t\t\t\t\t\t<\/div>\n\t\t<\/div>\n\n\t<\/div>\n\n<\/div><div class=\"modula-item effect-pufrobo\" data-width=\"2\" data-height=\"2\" >\n\t<div class=\"modula-item-overlay\"><\/div>\n\n\t<div class=\"modula-item-content\">\n\n\t\t\t\t\n\t\t\t\t\t<a data-image-id=\"1680\" tabindex=\"0\" rel=\"jtg-1685\" data-caption=\"\" aria-label=\"Open image in lightbox\" role=\"button\" class=\"tile-inner modula-item-link\"><\/a>\n\t\t\n\t\t<img class=\"pic wp-image-1680 lazyload\"  data-valign=\"middle\" data-halign=\"center\" alt=\"\" data-full=\"https:\/\/specialcharterboatcalador.com\/wp-content\/uploads\/2024\/03\/IMG-20240312-WA0022.jpg\" title=\"IMG-20240312-WA0022\" width=\"300\" height=\"169\" data-src=\"https:\/\/specialcharterboatcalador.com\/wp-content\/uploads\/2024\/03\/IMG-20240312-WA0022-300x169.jpg\" data-caption=\"\" data-source=\"modula\" data-srcset=\"https:\/\/specialcharterboatcalador.com\/wp-content\/uploads\/2024\/03\/IMG-20240312-WA0022.jpg 1600w, https:\/\/specialcharterboatcalador.com\/wp-content\/uploads\/2024\/03\/IMG-20240312-WA0022-300x169.jpg 300w, https:\/\/specialcharterboatcalador.com\/wp-content\/uploads\/2024\/03\/IMG-20240312-WA0022-1024x578.jpg 1024w, https:\/\/specialcharterboatcalador.com\/wp-content\/uploads\/2024\/03\/IMG-20240312-WA0022-768x433.jpg 768w, https:\/\/specialcharterboatcalador.com\/wp-content\/uploads\/2024\/03\/IMG-20240312-WA0022-1536x867.jpg 1536w\" data-sizes=\"(max-width: 300px) 100vw, 300px\" srcset=\"https:\/\/specialcharterboatcalador.com\/wp-content\/uploads\/2024\/03\/IMG-20240312-WA0022-300x169.jpg 300w, https:\/\/specialcharterboatcalador.com\/wp-content\/uploads\/2024\/03\/IMG-20240312-WA0022-1024x578.jpg 1024w, https:\/\/specialcharterboatcalador.com\/wp-content\/uploads\/2024\/03\/IMG-20240312-WA0022-768x433.jpg 768w, https:\/\/specialcharterboatcalador.com\/wp-content\/uploads\/2024\/03\/IMG-20240312-WA0022-1536x867.jpg 1536w, https:\/\/specialcharterboatcalador.com\/wp-content\/uploads\/2024\/03\/IMG-20240312-WA0022.jpg 1600w\" sizes=\"(max-width: 300px) 100vw, 300px\" \/>\n\t\t<div class=\"figc no-description\">\n\t\t\t<div class=\"figc-inner\">\n\t\t\t\t\t\t\t\t\t\t\t\t\t\t\t<\/div>\n\t\t<\/div>\n\n\t<\/div>\n\n<\/div><div class=\"modula-item effect-pufrobo\" data-width=\"2\" data-height=\"2\" >\n\t<div class=\"modula-item-overlay\"><\/div>\n\n\t<div class=\"modula-item-content\">\n\n\t\t\t\t\n\t\t\t\t\t<a data-image-id=\"1679\" tabindex=\"0\" rel=\"jtg-1685\" data-caption=\"\" aria-label=\"Open image in lightbox\" role=\"button\" class=\"tile-inner modula-item-link\"><\/a>\n\t\t\n\t\t<img class=\"pic wp-image-1679 lazyload\"  data-valign=\"middle\" data-halign=\"center\" alt=\"\" data-full=\"https:\/\/specialcharterboatcalador.com\/wp-content\/uploads\/2024\/03\/SPICA-EN-EL-J-80.jpeg\" title=\"SPICA EN EL J 80\" width=\"300\" height=\"225\" data-src=\"https:\/\/specialcharterboatcalador.com\/wp-content\/uploads\/2024\/03\/SPICA-EN-EL-J-80-300x225.jpeg\" data-caption=\"\" data-source=\"modula\" data-srcset=\"https:\/\/specialcharterboatcalador.com\/wp-content\/uploads\/2024\/03\/SPICA-EN-EL-J-80.jpeg 2048w, https:\/\/specialcharterboatcalador.com\/wp-content\/uploads\/2024\/03\/SPICA-EN-EL-J-80-300x225.jpeg 300w, https:\/\/specialcharterboatcalador.com\/wp-content\/uploads\/2024\/03\/SPICA-EN-EL-J-80-1024x768.jpeg 1024w, https:\/\/specialcharterboatcalador.com\/wp-content\/uploads\/2024\/03\/SPICA-EN-EL-J-80-768x576.jpeg 768w, https:\/\/specialcharterboatcalador.com\/wp-content\/uploads\/2024\/03\/SPICA-EN-EL-J-80-1536x1152.jpeg 1536w\" data-sizes=\"(max-width: 300px) 100vw, 300px\" srcset=\"https:\/\/specialcharterboatcalador.com\/wp-content\/uploads\/2024\/03\/SPICA-EN-EL-J-80-300x225.jpeg 300w, https:\/\/specialcharterboatcalador.com\/wp-content\/uploads\/2024\/03\/SPICA-EN-EL-J-80-1024x768.jpeg 1024w, https:\/\/specialcharterboatcalador.com\/wp-content\/uploads\/2024\/03\/SPICA-EN-EL-J-80-768x576.jpeg 768w, https:\/\/specialcharterboatcalador.com\/wp-content\/uploads\/2024\/03\/SPICA-EN-EL-J-80-1536x1152.jpeg 1536w, https:\/\/specialcharterboatcalador.com\/wp-content\/uploads\/2024\/03\/SPICA-EN-EL-J-80.jpeg 2048w\" sizes=\"(max-width: 300px) 100vw, 300px\" \/>\n\t\t<div class=\"figc no-description\">\n\t\t\t<div class=\"figc-inner\">\n\t\t\t\t\t\t\t\t\t\t\t\t\t\t\t<\/div>\n\t\t<\/div>\n\n\t<\/div>\n\n<\/div><div class=\"modula-item effect-pufrobo\" data-width=\"2\" data-height=\"2\" >\n\t<div class=\"modula-item-overlay\"><\/div>\n\n\t<div class=\"modula-item-content\">\n\n\t\t\t\t\n\t\t\t\t\t<a data-image-id=\"1584\" tabindex=\"0\" rel=\"jtg-1685\" data-caption=\"\" aria-label=\"Open image in lightbox\" role=\"button\" class=\"tile-inner modula-item-link\"><\/a>\n\t\t\n\t\t<img class=\"pic wp-image-1584 lazyload\"  data-valign=\"middle\" data-halign=\"center\" alt=\"\" data-full=\"https:\/\/specialcharterboatcalador.com\/wp-content\/uploads\/2024\/03\/DSC00432.jpg\" title=\"DSC00432\" width=\"300\" height=\"200\" data-src=\"https:\/\/specialcharterboatcalador.com\/wp-content\/uploads\/2024\/03\/DSC00432-300x200.jpg\" data-caption=\"\" data-source=\"modula\" data-srcset=\"https:\/\/specialcharterboatcalador.com\/wp-content\/uploads\/2024\/03\/DSC00432-scaled.jpg 2560w, https:\/\/specialcharterboatcalador.com\/wp-content\/uploads\/2024\/03\/DSC00432-300x200.jpg 300w, https:\/\/specialcharterboatcalador.com\/wp-content\/uploads\/2024\/03\/DSC00432-1024x683.jpg 1024w, https:\/\/specialcharterboatcalador.com\/wp-content\/uploads\/2024\/03\/DSC00432-768x512.jpg 768w, https:\/\/specialcharterboatcalador.com\/wp-content\/uploads\/2024\/03\/DSC00432-1536x1024.jpg 1536w, https:\/\/specialcharterboatcalador.com\/wp-content\/uploads\/2024\/03\/DSC00432-2048x1365.jpg 2048w, https:\/\/specialcharterboatcalador.com\/wp-content\/uploads\/2024\/03\/DSC00432-174x116.jpg 174w\" data-sizes=\"(max-width: 300px) 100vw, 300px\" srcset=\"https:\/\/specialcharterboatcalador.com\/wp-content\/uploads\/2024\/03\/DSC00432-300x200.jpg 300w, https:\/\/specialcharterboatcalador.com\/wp-content\/uploads\/2024\/03\/DSC00432-1024x683.jpg 1024w, https:\/\/specialcharterboatcalador.com\/wp-content\/uploads\/2024\/03\/DSC00432-768x512.jpg 768w, https:\/\/specialcharterboatcalador.com\/wp-content\/uploads\/2024\/03\/DSC00432-1536x1024.jpg 1536w, https:\/\/specialcharterboatcalador.com\/wp-content\/uploads\/2024\/03\/DSC00432-2048x1365.jpg 2048w, https:\/\/specialcharterboatcalador.com\/wp-content\/uploads\/2024\/03\/DSC00432-174x116.jpg 174w\" sizes=\"(max-width: 300px) 100vw, 300px\" \/>\n\t\t<div class=\"figc no-description\">\n\t\t\t<div class=\"figc-inner\">\n\t\t\t\t\t\t\t\t\t\t\t\t\t\t\t<\/div>\n\t\t<\/div>\n\n\t<\/div>\n\n<\/div><div class=\"modula-item effect-pufrobo\" data-width=\"2\" data-height=\"2\" >\n\t<div class=\"modula-item-overlay\"><\/div>\n\n\t<div class=\"modula-item-content\">\n\n\t\t\t\t\n\t\t\t\t\t<a data-image-id=\"121\" tabindex=\"0\" rel=\"jtg-1685\" data-caption=\"\" aria-label=\"Open image in lightbox\" role=\"button\" class=\"tile-inner modula-item-link\"><\/a>\n\t\t\n\t\t<img class=\"pic wp-image-121 lazyload\"  data-valign=\"middle\" data-halign=\"center\" alt=\"\" data-full=\"https:\/\/specialcharterboatcalador.com\/wp-content\/uploads\/2024\/03\/IMG_9227.jpg\" title=\"IMG_9227\" width=\"225\" height=\"300\" data-src=\"https:\/\/specialcharterboatcalador.com\/wp-content\/uploads\/2024\/03\/IMG_9227-225x300.jpg\" data-caption=\"\" data-source=\"modula\" data-srcset=\"https:\/\/specialcharterboatcalador.com\/wp-content\/uploads\/2024\/03\/IMG_9227-scaled.jpg 1920w, https:\/\/specialcharterboatcalador.com\/wp-content\/uploads\/2024\/03\/IMG_9227-225x300.jpg 225w, https:\/\/specialcharterboatcalador.com\/wp-content\/uploads\/2024\/03\/IMG_9227-768x1024.jpg 768w, https:\/\/specialcharterboatcalador.com\/wp-content\/uploads\/2024\/03\/IMG_9227-1152x1536.jpg 1152w, https:\/\/specialcharterboatcalador.com\/wp-content\/uploads\/2024\/03\/IMG_9227-1536x2048.jpg 1536w, https:\/\/specialcharterboatcalador.com\/wp-content\/uploads\/2024\/03\/IMG_9227-600x800.jpg 600w, https:\/\/specialcharterboatcalador.com\/wp-content\/uploads\/2024\/03\/IMG_9227-1200x1600.jpg 1200w, https:\/\/specialcharterboatcalador.com\/wp-content\/uploads\/2024\/03\/IMG_9227-87x116.jpg 87w\" data-sizes=\"(max-width: 225px) 100vw, 225px\" srcset=\"https:\/\/specialcharterboatcalador.com\/wp-content\/uploads\/2024\/03\/IMG_9227-225x300.jpg 225w, https:\/\/specialcharterboatcalador.com\/wp-content\/uploads\/2024\/03\/IMG_9227-768x1024.jpg 768w, https:\/\/specialcharterboatcalador.com\/wp-content\/uploads\/2024\/03\/IMG_9227-1152x1536.jpg 1152w, https:\/\/specialcharterboatcalador.com\/wp-content\/uploads\/2024\/03\/IMG_9227-1536x2048.jpg 1536w, https:\/\/specialcharterboatcalador.com\/wp-content\/uploads\/2024\/03\/IMG_9227-600x800.jpg 600w, https:\/\/specialcharterboatcalador.com\/wp-content\/uploads\/2024\/03\/IMG_9227-1200x1600.jpg 1200w, https:\/\/specialcharterboatcalador.com\/wp-content\/uploads\/2024\/03\/IMG_9227-87x116.jpg 87w, https:\/\/specialcharterboatcalador.com\/wp-content\/uploads\/2024\/03\/IMG_9227-scaled.jpg 1920w\" sizes=\"(max-width: 225px) 100vw, 225px\" \/>\n\t\t<div class=\"figc no-description\">\n\t\t\t<div class=\"figc-inner\">\n\t\t\t\t\t\t\t\t\t\t\t\t\t\t\t<\/div>\n\t\t<\/div>\n\n\t<\/div>\n\n<\/div>\t\t\n\t<\/div>\n\n\t\n\t\n\t<script type=\"application\/ld+json\">\n\t{\n\t\t\"@context\": \"http:\/\/schema.org\",\n\t\t\"@type\"   : \"ImageGallery\",\n\t\t\"id\"      : \"https:\/\/specialcharterboatcalador.com\/en\/aboutus\/\",\n\t\t\"url\"     : \"https:\/\/specialcharterboatcalador.com\/en\/aboutus\/\"\n\t}\n\n\t<\/script>\n\n\t\n<\/div>","protected":false},"excerpt":{"rendered":"<p>MERCAN P34 motor Mercruiser 480 HP con velocidad m\u00e1xima de 45 n\/kn. 10, 25 metros de eslora y 3 metros de manga. Nuestra embarcaci\u00f3n, especialmente dise\u00f1ada para la pr\u00e1ctica de deportes n\u00e1uticos, nos proporciona la fiabilidad, resistencia y velocidad espec\u00edficas para realizar deportes n\u00e1uticos remolcados con total satisfacci\u00f3n y seguridad.<\/p>","protected":false},"author":2,"featured_media":0,"parent":0,"menu_order":0,"comment_status":"closed","ping_status":"closed","template":"","meta":{"footnotes":""},"class_list":["post-47","page","type-page","status-publish","hentry"],"_links":{"self":[{"href":"https:\/\/specialcharterboatcalador.com\/en\/wp-json\/wp\/v2\/pages\/47","targetHints":{"allow":["GET"]}}],"collection":[{"href":"https:\/\/specialcharterboatcalador.com\/en\/wp-json\/wp\/v2\/pages"}],"about":[{"href":"https:\/\/specialcharterboatcalador.com\/en\/wp-json\/wp\/v2\/types\/page"}],"author":[{"embeddable":true,"href":"https:\/\/specialcharterboatcalador.com\/en\/wp-json\/wp\/v2\/users\/2"}],"replies":[{"embeddable":true,"href":"https:\/\/specialcharterboatcalador.com\/en\/wp-json\/wp\/v2\/comments?post=47"}],"version-history":[{"count":30,"href":"https:\/\/specialcharterboatcalador.com\/en\/wp-json\/wp\/v2\/pages\/47\/revisions"}],"predecessor-version":[{"id":1755,"href":"https:\/\/specialcharterboatcalador.com\/en\/wp-json\/wp\/v2\/pages\/47\/revisions\/1755"}],"wp:attachment":[{"href":"https:\/\/specialcharterboatcalador.com\/en\/wp-json\/wp\/v2\/media?parent=47"}],"curies":[{"name":"wp","href":"https:\/\/api.w.org\/{rel}","templated":true}]}}